{"id":54,"date":"2023-07-07T16:30:51","date_gmt":"2023-07-07T16:30:51","guid":{"rendered":"http:\/\/74.208.156.42\/Querendaro\/?page_id=54"},"modified":"2025-01-06T19:40:47","modified_gmt":"2025-01-06T19:40:47","slug":"tradiciones","status":"publish","type":"page","link":"http:\/\/querendaro.gob.mx\/index.php\/tradiciones\/","title":{"rendered":"Tradiciones"},"content":{"rendered":"<p><div class=\"fusion-fullwidth fullwidth-box fusion-builder-row-1 fusion-flex-container has-pattern-background has-mask-background nonhundred-percent-fullwidth non-hundred-percent-height-scrolling\" style=\"--awb-border-radius-top-left:0px;--awb-border-radius-top-right:0px;--awb-border-radius-bottom-right:0px;--awb-border-radius-bottom-left:0px;--awb-padding-top:125px;--awb-padding-bottom:125px;--awb-padding-top-medium:90px;--awb-padding-bottom-medium:90px;--awb-padding-top-small:80px;--awb-padding-bottom-small:80px;--awb-background-color:var(--awb-color3);--awb-flex-wrap:wrap;\" ><div class=\"fusion-builder-row fusion-row fusion-flex-align-items-flex-start fusion-flex-content-wrap\" style=\"max-width:1248px;margin-left: calc(-4% \/ 2 );margin-right: calc(-4% \/ 2 );\"><div class=\"fusion-layout-column fusion_builder_column fusion-builder-column-0 fusion_builder_column_1_1 1_1 fusion-flex-column fusion-animated\" style=\"--awb-bg-size:cover;--awb-width-large:100%;--awb-margin-top-large:0px;--awb-spacing-right-large:1.92%;--awb-margin-bottom-large:0px;--awb-spacing-left-large:1.92%;--awb-width-medium:100%;--awb-order-medium:0;--awb-spacing-right-medium:1.92%;--awb-spacing-left-medium:1.92%;--awb-width-small:100%;--awb-order-small:0;--awb-spacing-right-small:1.92%;--awb-spacing-left-small:1.92%;\" data-animationType=\"fadeInUp\" data-animationDuration=\"1.3\" data-animationOffset=\"top-into-view\"><div class=\"fusion-column-wrapper fusion-column-has-shadow fusion-flex-justify-content-flex-start fusion-content-layout-column\"><div class=\"fusion-title title fusion-title-1 fusion-no-small-visibility fusion-sep-none fusion-title-center fusion-title-text fusion-title-size-one\" style=\"--awb-margin-top:0px;--awb-margin-bottom:10px;--awb-margin-top-small:10px;--awb-margin-right-small:0px;--awb-margin-bottom-small:10px;--awb-margin-left-small:0px;\"><h1 class=\"fusion-title-heading title-heading-center\" style=\"margin:0;\">Quer\u00e9ndaro, nuestra \u00a0tradici\u00f3n y cultural<\/h1><\/div><div class=\"fusion-title title fusion-title-2 fusion-no-medium-visibility fusion-no-large-visibility fusion-sep-none fusion-title-center fusion-title-text fusion-title-size-one\" style=\"--awb-margin-top:0px;--awb-margin-bottom:10px;--awb-margin-top-small:10px;--awb-margin-right-small:0px;--awb-margin-bottom-small:10px;--awb-margin-left-small:0px;--awb-font-size:50px;\"><h1 class=\"fusion-title-heading title-heading-center\" style=\"margin:0;font-size:1em;\">Algo de nuestras Festividades.<\/h1><\/div><div class=\"fusion-title title fusion-title-3 fusion-sep-none fusion-title-center fusion-title-text fusion-title-size-two\" style=\"--awb-text-color:var(--awb-color8);--awb-margin-bottom:0px;--awb-margin-top-small:10px;--awb-margin-right-small:0px;--awb-margin-bottom-small:10px;--awb-margin-left-small:0px;--awb-font-size:var(--awb-typography2-font-size);\"><h2 class=\"fusion-title-heading title-heading-center\" style=\"font-family:var(--awb-typography2-font-family);font-weight:var(--awb-typography2-font-weight);font-style:var(--awb-typography2-font-style);margin:0;letter-spacing:var(--awb-typography2-letter-spacing);text-transform:var(--awb-typography2-text-transform);font-size:1em;line-height:var(--awb-typography2-line-height);\">Quer\u00e9ndaro, Michoac\u00e1n, cuenta con una rica tradici\u00f3n cultural que se refleja en sus eventos y festividades a lo largo del a\u00f1o. Aqu\u00ed algunos de los principales eventos culturales que destacan en el municipio:<\/h2><\/div><\/div><\/div><\/div><\/div><div class=\"fusion-fullwidth fullwidth-box fusion-builder-row-2 fusion-flex-container has-pattern-background has-mask-background nonhundred-percent-fullwidth non-hundred-percent-height-scrolling\" style=\"--awb-border-radius-top-left:0px;--awb-border-radius-top-right:0px;--awb-border-radius-bottom-right:0px;--awb-border-radius-bottom-left:0px;--awb-padding-top:125px;--awb-padding-bottom:125px;--awb-flex-wrap:wrap;\" ><div class=\"fusion-builder-row fusion-row fusion-flex-align-items-flex-start fusion-flex-content-wrap\" style=\"max-width:1248px;margin-left: calc(-4% \/ 2 );margin-right: calc(-4% \/ 2 );\"><div class=\"fusion-layout-column fusion_builder_column fusion-builder-column-1 fusion_builder_column_1_1 1_1 fusion-flex-column\" style=\"--awb-bg-size:cover;--awb-width-large:100%;--awb-margin-top-large:0px;--awb-spacing-right-large:1.92%;--awb-margin-bottom-large:20px;--awb-spacing-left-large:1.92%;--awb-width-medium:100%;--awb-order-medium:0;--awb-spacing-right-medium:1.92%;--awb-spacing-left-medium:1.92%;--awb-width-small:100%;--awb-order-small:0;--awb-spacing-right-small:1.92%;--awb-spacing-left-small:1.92%;\"><div class=\"fusion-column-wrapper fusion-column-has-shadow fusion-flex-justify-content-flex-start fusion-content-layout-column\"><div class=\"awb-gallery-wrapper awb-gallery-wrapper-1 button-span-no\" style=\"--more-btn-alignment:center;--more-btn-color:#10372d;--more-btn-bg:#d1d1d1;--more-btn-hover-color:#ffffff;--more-btn-hover-bg:#278b77;\"><div style=\"margin:-25px;--awb-aspect-ratio:5 \/ 4;--awb-bordersize:0px;--awb-caption-title-color:#ffffff;--awb-caption-title-size:28px;--awb-caption-title-transform:var(--awb-typography1-text-transform);--awb-caption-title-line-height:1.2;--awb-caption-title-letter-spacing:0px;--awb-caption-text-color:#ffffff;--awb-caption-text-size:13px;--awb-caption-text-transform:var(--awb-typography5-text-transform);--awb-caption-text-line-height:1.7;--awb-caption-text-letter-spacing:0px;--awb-caption-overlay-color:rgba(40,42,47,0.9);--awb-caption-background-color:var(--awb-color1);--awb-caption-title-font-family:&quot;Fraunces&quot;;--awb-caption-title-font-style:normal;--awb-caption-title-font-weight:400;--awb-caption-text-font-family:&quot;Readex Pro&quot;;--awb-caption-text-font-style:normal;--awb-caption-text-font-weight:400;\" class=\"fusion-gallery fusion-gallery-container fusion-grid-3 fusion-columns-total-3 fusion-gallery-layout-grid fusion-gallery-1 has-aspect-ratio\"><div style=\"padding:25px;\" class=\"fusion-grid-column fusion-gallery-column fusion-gallery-column-3\"><div class=\"fusion-gallery-image awb-imageframe-style awb-imageframe-style-schantel\"><a href=\"http:\/\/querendaro.gob.mx\/wp-content\/uploads\/2025\/01\/parroquia-nuestra-senora-de-la-asuncion-querendaro-1.jpg\" rel=\"noreferrer\" data-rel=\"iLightbox[gallery_image_1]\" class=\"fusion-lightbox\" target=\"_self\"><img decoding=\"async\" src=\"http:\/\/querendaro.gob.mx\/wp-content\/uploads\/2025\/01\/parroquia-nuestra-senora-de-la-asuncion-querendaro-1.jpg\" data-orig-src=\"http:\/\/querendaro.gob.mx\/wp-content\/uploads\/2025\/01\/parroquia-nuestra-senora-de-la-asuncion-querendaro-1.jpg\" width=\"848\" height=\"848\" alt=\"\" title=\"parroquia-nuestra-senora-de-la-asuncion-querendaro\" aria-label=\"parroquia-nuestra-senora-de-la-asuncion-querendaro\" class=\"lazyload img-responsive wp-image-1252\" srcset=\"data:image\/svg+xml,%3Csvg%20xmlns%3D%27http%3A%2F%2Fwww.w3.org%2F2000%2Fsvg%27%20width%3D%27848%27%20height%3D%27848%27%20viewBox%3D%270%200%20848%20848%27%3E%3Crect%20width%3D%27848%27%20height%3D%27848%27%20fill-opacity%3D%220%22%2F%3E%3C%2Fsvg%3E\" data-srcset=\"http:\/\/querendaro.gob.mx\/wp-content\/uploads\/2025\/01\/parroquia-nuestra-senora-de-la-asuncion-querendaro-1-200x200.jpg 200w, http:\/\/querendaro.gob.mx\/wp-content\/uploads\/2025\/01\/parroquia-nuestra-senora-de-la-asuncion-querendaro-1-400x400.jpg 400w, http:\/\/querendaro.gob.mx\/wp-content\/uploads\/2025\/01\/parroquia-nuestra-senora-de-la-asuncion-querendaro-1-600x600.jpg 600w, http:\/\/querendaro.gob.mx\/wp-content\/uploads\/2025\/01\/parroquia-nuestra-senora-de-la-asuncion-querendaro-1-800x800.jpg 800w, http:\/\/querendaro.gob.mx\/wp-content\/uploads\/2025\/01\/parroquia-nuestra-senora-de-la-asuncion-querendaro-1.jpg 848w\" data-sizes=\"auto\" data-orig-sizes=\"(min-width: 2200px) 100vw, (min-width: 784px) 383px, (min-width: 712px) 575px, (min-width: 640px) 712px, \" \/><div class=\"awb-imageframe-caption-container\"><div class=\"awb-imageframe-caption\"><h2 class=\"awb-imageframe-caption-title\">Fiestas Patronales de Nuestra Se\u00f1ora de la Asunci\u00f3n<\/h2><p class=\"awb-imageframe-caption-text\">15 de Agosto<\/p><\/div><\/div><\/a><\/div><\/div><div style=\"padding:25px;\" class=\"fusion-grid-column fusion-gallery-column fusion-gallery-column-3\"><div class=\"fusion-gallery-image awb-imageframe-style awb-imageframe-style-schantel\"><a href=\"http:\/\/querendaro.gob.mx\/wp-content\/uploads\/2025\/01\/Captura-de-pantalla-2025-01-06-a-las-12.28.41\u202fp.m.png\" rel=\"noreferrer\" data-rel=\"iLightbox[gallery_image_1]\" class=\"fusion-lightbox\" target=\"_self\"><img decoding=\"async\" src=\"http:\/\/querendaro.gob.mx\/wp-content\/uploads\/2025\/01\/Captura-de-pantalla-2025-01-06-a-las-12.28.41\u202fp.m.png\" data-orig-src=\"http:\/\/querendaro.gob.mx\/wp-content\/uploads\/2025\/01\/Captura-de-pantalla-2025-01-06-a-las-12.28.41\u202fp.m.png\" width=\"412\" height=\"431\" alt=\"\" title=\"Captura de pantalla 2025-01-06 a la(s) 12.28.41\u202fp.m.\" aria-label=\"Captura de pantalla 2025-01-06 a la(s) 12.28.41\u202fp.m.\" class=\"lazyload img-responsive wp-image-1206\" srcset=\"data:image\/svg+xml,%3Csvg%20xmlns%3D%27http%3A%2F%2Fwww.w3.org%2F2000%2Fsvg%27%20width%3D%27412%27%20height%3D%27431%27%20viewBox%3D%270%200%20412%20431%27%3E%3Crect%20width%3D%27412%27%20height%3D%27431%27%20fill-opacity%3D%220%22%2F%3E%3C%2Fsvg%3E\" data-srcset=\"http:\/\/querendaro.gob.mx\/wp-content\/uploads\/2025\/01\/Captura-de-pantalla-2025-01-06-a-las-12.28.41\u202fp.m-200x209.png 200w, http:\/\/querendaro.gob.mx\/wp-content\/uploads\/2025\/01\/Captura-de-pantalla-2025-01-06-a-las-12.28.41\u202fp.m-400x418.png 400w, http:\/\/querendaro.gob.mx\/wp-content\/uploads\/2025\/01\/Captura-de-pantalla-2025-01-06-a-las-12.28.41\u202fp.m.png 412w\" data-sizes=\"auto\" data-orig-sizes=\"(min-width: 2200px) 100vw, (min-width: 784px) 383px, (min-width: 712px) 575px, (min-width: 640px) 712px, \" \/><div class=\"awb-imageframe-caption-container\"><div class=\"awb-imageframe-caption\"><h2 class=\"awb-imageframe-caption-title\">Feria del Mezcal<\/h2><p class=\"awb-imageframe-caption-text\">21 y 22 de Diciembre<\/p><\/div><\/div><\/a><\/div><\/div><div style=\"padding:25px;\" class=\"fusion-grid-column fusion-gallery-column fusion-gallery-column-3\"><div class=\"fusion-gallery-image awb-imageframe-style awb-imageframe-style-schantel\"><a href=\"http:\/\/querendaro.gob.mx\/wp-content\/uploads\/2025\/01\/300569669_1890368134501903_1099789012706521092_n.jpg\" rel=\"noreferrer\" data-rel=\"iLightbox[gallery_image_1]\" class=\"fusion-lightbox\" target=\"_self\"><img decoding=\"async\" src=\"http:\/\/querendaro.gob.mx\/wp-content\/uploads\/2025\/01\/300569669_1890368134501903_1099789012706521092_n.jpg\" data-orig-src=\"http:\/\/querendaro.gob.mx\/wp-content\/uploads\/2025\/01\/300569669_1890368134501903_1099789012706521092_n.jpg\" width=\"608\" height=\"608\" alt=\"\" title=\"300569669_1890368134501903_1099789012706521092_n\" aria-label=\"300569669_1890368134501903_1099789012706521092_n\" class=\"lazyload img-responsive wp-image-1213\" srcset=\"data:image\/svg+xml,%3Csvg%20xmlns%3D%27http%3A%2F%2Fwww.w3.org%2F2000%2Fsvg%27%20width%3D%27608%27%20height%3D%27608%27%20viewBox%3D%270%200%20608%20608%27%3E%3Crect%20width%3D%27608%27%20height%3D%27608%27%20fill-opacity%3D%220%22%2F%3E%3C%2Fsvg%3E\" data-srcset=\"http:\/\/querendaro.gob.mx\/wp-content\/uploads\/2025\/01\/300569669_1890368134501903_1099789012706521092_n-200x200.jpg 200w, http:\/\/querendaro.gob.mx\/wp-content\/uploads\/2025\/01\/300569669_1890368134501903_1099789012706521092_n-400x400.jpg 400w, http:\/\/querendaro.gob.mx\/wp-content\/uploads\/2025\/01\/300569669_1890368134501903_1099789012706521092_n-600x600.jpg 600w, http:\/\/querendaro.gob.mx\/wp-content\/uploads\/2025\/01\/300569669_1890368134501903_1099789012706521092_n.jpg 608w\" data-sizes=\"auto\" data-orig-sizes=\"(min-width: 2200px) 100vw, (min-width: 784px) 383px, (min-width: 712px) 575px, (min-width: 640px) 712px, \" \/><div class=\"awb-imageframe-caption-container\"><div class=\"awb-imageframe-caption\"><h2 class=\"awb-imageframe-caption-title\">Feria de Quer\u00e9ndaro<\/h2><p class=\"awb-imageframe-caption-text\">Septiembre<\/p><\/div><\/div><\/a><\/div><\/div><div class=\"clearfix\"><\/div><\/div><\/div><\/div><\/div><\/div><\/div><div class=\"fusion-fullwidth fullwidth-box fusion-builder-row-3 fusion-flex-container has-pattern-background has-mask-background fusion-parallax-none nonhundred-percent-fullwidth non-hundred-percent-height-scrolling lazyload fusion-animated\" style=\"--awb-border-radius-top-left:0px;--awb-border-radius-top-right:0px;--awb-border-radius-bottom-right:0px;--awb-border-radius-bottom-left:0px;--awb-margin-bottom:0px;--awb-margin-bottom-medium:90px;--awb-margin-bottom-small:0px;--awb-background-image:linear-gradient(180deg, rgba(25,25,25,0.65) 0%,rgba(25,25,25,0.65) 100%);;--awb-background-size:cover;--awb-flex-wrap:wrap;\" data-bg=\"http:\/\/querendaro.gob.mx\/wp-content\/uploads\/2025\/01\/Captura-de-pantalla-2025-01-06-a-las-12.51.07\u202fp.m.png\" data-bg-gradient=\"linear-gradient(180deg, rgba(25,25,25,0.65) 0%,rgba(25,25,25,0.65) 100%)\" data-animationType=\"fadeInUp\" data-animationDuration=\"1.3\" data-animationOffset=\"top-into-view\" ><div class=\"fusion-builder-row fusion-row fusion-flex-align-items-stretch fusion-flex-content-wrap\" style=\"max-width:calc( 1200px + 120px );margin-left: calc(-120px \/ 2 );margin-right: calc(-120px \/ 2 );\"><div class=\"fusion-layout-column fusion_builder_column fusion-builder-column-2 fusion_builder_column_1_1 1_1 fusion-flex-column\" style=\"--awb-bg-size:cover;--awb-width-large:100%;--awb-margin-top-large:0px;--awb-spacing-right-large:60px;--awb-margin-bottom-large:20px;--awb-spacing-left-large:60px;--awb-width-medium:100%;--awb-order-medium:0;--awb-spacing-right-medium:60px;--awb-spacing-left-medium:60px;--awb-width-small:100%;--awb-order-small:0;--awb-spacing-right-small:60px;--awb-spacing-left-small:60px;\"><div class=\"fusion-column-wrapper fusion-column-has-shadow fusion-flex-justify-content-flex-start fusion-content-layout-column\"><div class=\"fusion-separator fusion-full-width-sep\" style=\"align-self: center;margin-left: auto;margin-right: auto;margin-bottom:25px;width:100%;\"><\/div><\/div><\/div><div class=\"fusion-layout-column fusion_builder_column fusion-builder-column-3 fusion_builder_column_1_2 1_2 fusion-flex-column\" style=\"--awb-bg-size:cover;--awb-width-large:50%;--awb-margin-top-large:0px;--awb-spacing-right-large:60px;--awb-margin-bottom-large:20px;--awb-spacing-left-large:60px;--awb-width-medium:50%;--awb-order-medium:0;--awb-spacing-right-medium:60px;--awb-spacing-left-medium:60px;--awb-width-small:100%;--awb-order-small:0;--awb-spacing-right-small:60px;--awb-spacing-left-small:60px;\"><div class=\"fusion-column-wrapper fusion-column-has-shadow fusion-flex-justify-content-flex-start fusion-content-layout-column\"><div class=\"fusion-title title fusion-title-4 fusion-sep-none fusion-title-text fusion-title-size-three\" style=\"--awb-margin-bottom:25px;--awb-margin-top-small:10px;--awb-margin-right-small:0px;--awb-margin-bottom-small:10px;--awb-margin-left-small:0px;\"><h3 class=\"fusion-title-heading title-heading-left\" style=\"margin:0;\"><h2 style=\"text-align: left;\"><span style=\"color: #ffffff;\">Descubre Quer\u00e9ndaro<\/span><\/h2><\/h3><\/div><\/div><\/div><div class=\"fusion-layout-column fusion_builder_column fusion-builder-column-4 fusion_builder_column_1_2 1_2 fusion-flex-column\" style=\"--awb-bg-size:cover;--awb-width-large:50%;--awb-margin-top-large:0px;--awb-spacing-right-large:60px;--awb-margin-bottom-large:20px;--awb-spacing-left-large:60px;--awb-width-medium:50%;--awb-order-medium:0;--awb-spacing-right-medium:60px;--awb-spacing-left-medium:60px;--awb-width-small:100%;--awb-order-small:0;--awb-spacing-right-small:60px;--awb-spacing-left-small:60px;\"><div class=\"fusion-column-wrapper fusion-column-has-shadow fusion-flex-justify-content-flex-start fusion-content-layout-column\"><div class=\"fusion-image-element \" style=\"text-align:center;--awb-caption-title-font-family:var(--h2_typography-font-family);--awb-caption-title-font-weight:var(--h2_typography-font-weight);--awb-caption-title-font-style:var(--h2_typography-font-style);--awb-caption-title-size:var(--h2_typography-font-size);--awb-caption-title-transform:var(--h2_typography-text-transform);--awb-caption-title-line-height:var(--h2_typography-line-height);--awb-caption-title-letter-spacing:var(--h2_typography-letter-spacing);\"><span class=\" fusion-imageframe imageframe-none imageframe-1 hover-type-none\"><img decoding=\"async\" width=\"400\" height=\"171\" title=\"EscudoQuere\u0301ndaro_H_blanco\" src=\"http:\/\/querendaro.gob.mx\/wp-content\/uploads\/2024\/02\/EscudoQuere\u0301ndaro_H_blanco.png\" data-orig-src=\"http:\/\/querendaro.gob.mx\/wp-content\/uploads\/2024\/02\/EscudoQuere\u0301ndaro_H_blanco-400x171.png\" alt class=\"lazyload img-responsive wp-image-913\" srcset=\"data:image\/svg+xml,%3Csvg%20xmlns%3D%27http%3A%2F%2Fwww.w3.org%2F2000%2Fsvg%27%20width%3D%272107%27%20height%3D%27901%27%20viewBox%3D%270%200%202107%20901%27%3E%3Crect%20width%3D%272107%27%20height%3D%27901%27%20fill-opacity%3D%220%22%2F%3E%3C%2Fsvg%3E\" data-srcset=\"http:\/\/querendaro.gob.mx\/wp-content\/uploads\/2024\/02\/EscudoQuere\u0301ndaro_H_blanco-200x86.png 200w, http:\/\/querendaro.gob.mx\/wp-content\/uploads\/2024\/02\/EscudoQuere\u0301ndaro_H_blanco-400x171.png 400w, http:\/\/querendaro.gob.mx\/wp-content\/uploads\/2024\/02\/EscudoQuere\u0301ndaro_H_blanco-600x257.png 600w, http:\/\/querendaro.gob.mx\/wp-content\/uploads\/2024\/02\/EscudoQuere\u0301ndaro_H_blanco-800x342.png 800w, http:\/\/querendaro.gob.mx\/wp-content\/uploads\/2024\/02\/EscudoQuere\u0301ndaro_H_blanco-1200x513.png 1200w\" data-sizes=\"auto\" data-orig-sizes=\"(max-width: 900px) 100vw, 600px\" \/><\/span><\/div><\/div><\/div><div class=\"fusion-layout-column fusion_builder_column fusion-builder-column-5 fusion_builder_column_1_1 1_1 fusion-flex-column\" style=\"--awb-bg-size:cover;--awb-width-large:100%;--awb-margin-top-large:0px;--awb-spacing-right-large:60px;--awb-margin-bottom-large:20px;--awb-spacing-left-large:60px;--awb-width-medium:100%;--awb-order-medium:0;--awb-spacing-right-medium:60px;--awb-spacing-left-medium:60px;--awb-width-small:100%;--awb-order-small:0;--awb-spacing-right-small:60px;--awb-spacing-left-small:60px;\"><div class=\"fusion-column-wrapper fusion-column-has-shadow fusion-flex-justify-content-flex-start fusion-content-layout-column\"><div class=\"fusion-separator fusion-full-width-sep\" style=\"align-self: center;margin-left: auto;margin-right: auto;margin-bottom:25px;width:100%;\"><\/div><\/div><\/div><\/div><\/div><\/p>\n","protected":false},"excerpt":{"rendered":"","protected":false},"author":1,"featured_media":0,"parent":0,"menu_order":0,"comment_status":"closed","ping_status":"closed","template":"100-width.php","meta":{"footnotes":""},"class_list":["post-54","page","type-page","status-publish","hentry"],"_links":{"self":[{"href":"http:\/\/querendaro.gob.mx\/index.php\/wp-json\/wp\/v2\/pages\/54","targetHints":{"allow":["GET"]}}],"collection":[{"href":"http:\/\/querendaro.gob.mx\/index.php\/wp-json\/wp\/v2\/pages"}],"about":[{"href":"http:\/\/querendaro.gob.mx\/index.php\/wp-json\/wp\/v2\/types\/page"}],"author":[{"embeddable":true,"href":"http:\/\/querendaro.gob.mx\/index.php\/wp-json\/wp\/v2\/users\/1"}],"replies":[{"embeddable":true,"href":"http:\/\/querendaro.gob.mx\/index.php\/wp-json\/wp\/v2\/comments?post=54"}],"version-history":[{"count":19,"href":"http:\/\/querendaro.gob.mx\/index.php\/wp-json\/wp\/v2\/pages\/54\/revisions"}],"predecessor-version":[{"id":1267,"href":"http:\/\/querendaro.gob.mx\/index.php\/wp-json\/wp\/v2\/pages\/54\/revisions\/1267"}],"wp:attachment":[{"href":"http:\/\/querendaro.gob.mx\/index.php\/wp-json\/wp\/v2\/media?parent=54"}],"curies":[{"name":"wp","href":"https:\/\/api.w.org\/{rel}","templated":true}]}}